{"id":40,"date":"2025-04-11T13:35:05","date_gmt":"2025-04-11T13:35:05","guid":{"rendered":"https:\/\/siteit-dev3.nl\/?page_id=40"},"modified":"2025-05-08T11:41:06","modified_gmt":"2025-05-08T11:41:06","slug":"condiciones-generales","status":"publish","type":"page","link":"https:\/\/schanskerhof.nl\/es\/algemene-voorwaarden\/","title":{"rendered":"Condiciones generales"},"content":{"rendered":"<div data-elementor-type=\"wp-page\" data-elementor-id=\"40\" class=\"elementor elementor-40\" data-elementor-post-type=\"page\">\n\t\t\t\t<div class=\"elementor-element elementor-element-3cff557 e-flex e-con-boxed e-con e-parent\" data-id=\"3cff557\" data-element_type=\"container\" data-e-type=\"container\" data-settings=\"{&quot;background_background&quot;:&quot;classic&quot;}\">\n\t\t\t\t\t<div class=\"e-con-inner\">\n\t\t<div class=\"elementor-element elementor-element-38ef969b e-con-full e-flex e-con e-child\" data-id=\"38ef969b\" data-element_type=\"container\" data-e-type=\"container\" data-settings=\"{&quot;background_background&quot;:&quot;classic&quot;}\">\n\t\t\t\t<div class=\"elementor-element elementor-element-4cc919c0 elementor-widget elementor-widget-heading\" data-id=\"4cc919c0\" data-element_type=\"widget\" data-e-type=\"widget\" data-widget_type=\"heading.default\">\n\t\t\t\t<div class=\"elementor-widget-container\">\n\t\t\t\t\t<h2 class=\"elementor-heading-title elementor-size-default\">PARA UNA ESTANCIA SIN PREOCUPACIONES, ESTAS SON NUESTRAS DISPOSICIONES<\/h2>\t\t\t\t<\/div>\n\t\t\t\t<\/div>\n\t\t\t\t<div class=\"elementor-element elementor-element-ca6a32a elementor-widget elementor-widget-heading\" data-id=\"ca6a32a\" data-element_type=\"widget\" data-e-type=\"widget\" data-widget_type=\"heading.default\">\n\t\t\t\t<div class=\"elementor-widget-container\">\n\t\t\t\t\t<h2 class=\"elementor-heading-title elementor-size-default\">CONDICIONES GENERALES<\/h2>\t\t\t\t<\/div>\n\t\t\t\t<\/div>\n\t\t\t\t<div class=\"elementor-element elementor-element-4de24440 e-transform elementor-widget-divider--view-line elementor-widget elementor-widget-divider\" data-id=\"4de24440\" data-element_type=\"widget\" data-e-type=\"widget\" data-settings=\"{&quot;_transform_rotateZ_effect&quot;:{&quot;unit&quot;:&quot;px&quot;,&quot;size&quot;:90,&quot;sizes&quot;:[]},&quot;_transform_rotateZ_effect_tablet&quot;:{&quot;unit&quot;:&quot;deg&quot;,&quot;size&quot;:&quot;&quot;,&quot;sizes&quot;:[]},&quot;_transform_rotateZ_effect_mobile&quot;:{&quot;unit&quot;:&quot;deg&quot;,&quot;size&quot;:&quot;&quot;,&quot;sizes&quot;:[]}}\" data-widget_type=\"divider.default\">\n\t\t\t\t<div class=\"elementor-widget-container\">\n\t\t\t\t\t\t\t<div class=\"elementor-divider\">\n\t\t\t<span class=\"elementor-divider-separator\">\n\t\t\t\t\t\t<\/span>\n\t\t<\/div>\n\t\t\t\t\t\t<\/div>\n\t\t\t\t<\/div>\n\t\t\t\t<div class=\"elementor-element elementor-element-284e29c elementor-widget elementor-widget-text-editor\" data-id=\"284e29c\" data-element_type=\"widget\" data-e-type=\"widget\" data-widget_type=\"text-editor.default\">\n\t\t\t\t<div class=\"elementor-widget-container\">\n\t\t\t\t\t\t\t\t\t<p><strong>T\u00e9rminos y condiciones de los Apartamentos de Lujo y Comedor Schanskerhof<\/strong><\/p><ol><li><strong> General<\/strong><br \/>1.1 Estas condiciones generales se aplican a todas las reservas y servicios ofrecidos por Schanskerhof Luxury Apartments and Dining (en adelante \"Schanskerhof\").<br \/>1.2 Al realizar una reserva o utilizar nuestros servicios, usted acepta las presentes condiciones.<br \/>1.3 Schanskerhof se reserva el derecho a modificar estas condiciones en cualquier momento. Los cambios entrar\u00e1n en vigor tan pronto como se publiquen en nuestro sitio web.<\/li><li><strong> Reservas<\/strong><br \/>2.1 Las reservas para los apartamentos de lujo y los comedores pueden hacerse tanto por tel\u00e9fono como a trav\u00e9s del sitio web de Schanskerhof.<br \/>2.2 Tras recibir su reserva, recibir\u00e1 una confirmaci\u00f3n por correo electr\u00f3nico. Esta confirmaci\u00f3n es vinculante, a menos que se acuerde lo contrario.<br \/>2.3 Las reservas no son definitivas hasta que se haya recibido el dep\u00f3sito (si procede).<br \/>2.4 Es posible anular una reserva de acuerdo con las condiciones de anulaci\u00f3n (v\u00e9ase el art\u00edculo 6).<\/li><li><strong> Precios<\/strong><br \/>3.1 Todos los precios indicados incluyen el IVA, salvo que se indique lo contrario.<br \/>3.2 Los precios de los apartamentos de lujo son por noche y los del comedor por reserva, salvo que se acuerde otra cosa.<br \/>3.3 Schanskerhof se reserva el derecho a modificar los precios, pero informar\u00e1 oportunamente de las reservas ya efectuadas.<\/li><li><strong> Pago<\/strong><br \/>4.1 El pago de los apartamentos deber\u00e1 efectuarse a m\u00e1s tardar en el momento del check-in, a menos que se haya acordado otra forma de pago por adelantado.<br \/>4.2 El pago del servicio de comedor deber\u00e1 efectuarse inmediatamente despu\u00e9s de la comida, salvo acuerdo en contrario.<br \/>4.3 Formas de pago aceptadas: efectivo, tarjeta de d\u00e9bito, tarjeta de cr\u00e9dito y mediante facturas previamente acordadas.<\/li><li><strong> Registro de entrada y salida<\/strong><br \/>5.1 La entrada en los pisos de lujo es posible a partir de las 15:00 horas, salvo acuerdo en contrario.<br \/>5.2 La salida deber\u00e1 efectuarse antes de las 11:00 horas del d\u00eda de salida, salvo acuerdo en contrario.<br \/>5.3 La entrada anticipada o la salida tard\u00eda pueden ser posibles, pero est\u00e1n sujetas a disponibilidad y deben acordarse con antelaci\u00f3n.<\/li><li><strong> Anulaciones<\/strong><br \/>6.1 La anulaci\u00f3n de una reserva debe notificarse por escrito o por correo electr\u00f3nico.<br \/>6.2 En caso de anulaci\u00f3n de una reserva de piso, se aplica lo siguiente:<\/li><\/ol><ul><li>Hasta 7 d\u00edas antes de la fecha de llegada: sin gastos.<\/li><li>Entre 3 y 7 d\u00edas antes de la fecha de llegada: 50% del importe total.<\/li><li>Menos de 3 d\u00edas antes de la fecha de llegada: 100% del importe total.<br \/>6.3 Las reservas en restaurantes est\u00e1n sujetas a una pol\u00edtica de cancelaci\u00f3n de 24 horas. Si se cancela m\u00e1s tarde, se cobrar\u00e1 el 50% del importe total.<\/li><\/ul><ol start=\"7\"><li><strong> Conducta y responsabilidad<\/strong><br \/>7.1 Los hu\u00e9spedes deben comportarse en todo momento de manera que no causen molestias a los dem\u00e1s hu\u00e9spedes.<br \/>7.2 Schanskerhof se reserva el derecho de pedir a los hu\u00e9spedes que se comporten de forma inapropiada que abandonen las instalaciones, sin reembolso de las cantidades pagadas.<br \/>7.3 Schanskerhof no se responsabiliza de la p\u00e9rdida, da\u00f1o o robo de objetos personales de los hu\u00e9spedes durante su estancia.<br \/>7.4 Los hu\u00e9spedes ser\u00e1n responsables de cualquier da\u00f1o que causen al alojamiento o al comedor, y deber\u00e1n correr con los gastos.<\/li><li><strong> Mascotas<\/strong><br \/>8.1 No se admiten animales de compa\u00f1\u00eda en los apartamentos de lujo a menos que se acuerde lo contrario por escrito con antelaci\u00f3n.<br \/>8.2 En el comedor, en algunos casos se permite la presencia de animales de compa\u00f1\u00eda en la terraza, pero debe indicarse con antelaci\u00f3n.<\/li><li><strong> Salud y seguridad<\/strong><br \/>9.1 Los Hu\u00e9spedes deben cumplir la normativa aplicable en materia de salud y seguridad, incluida la de la administraci\u00f3n local.<br \/>9.2 En caso de emergencia, se tomar\u00e1n las medidas necesarias y se le ruega que siga las instrucciones del personal.<\/li><li><strong> Quejas<\/strong><br \/>10.1 Si tiene alguna queja sobre su estancia en los apartamentos de lujo o las instalaciones del comedor, comun\u00edquelo inmediatamente a nuestro personal para que podamos tomar las medidas oportunas.<br \/>10.2 Las reclamaciones que no se notifiquen in situ no podr\u00e1n tenerse en cuenta.<\/li><li><strong> Legislaci\u00f3n aplicable y litigios<\/strong><br \/>11.1 Todas las relaciones jur\u00eddicas entre Schanskerhof y los hu\u00e9spedes se rigen por el derecho neerland\u00e9s.<br \/>11.2 Los litigios ser\u00e1n resueltos inicialmente por ambas partes de mutuo acuerdo. Si un litigio no se resuelve satisfactoriamente, podr\u00e1 someterse al tribunal competente de los Pa\u00edses Bajos.<\/li><\/ol>\t\t\t\t\t\t\t\t<\/div>\n\t\t\t\t<\/div>\n\t\t\t\t<\/div>\n\t\t\t\t\t<\/div>\n\t\t\t\t<\/div>\n\t\t\t\t<\/div>","protected":false},"excerpt":{"rendered":"<p>VOOR EEN ZORGELOOS VERBLIJF, DIT ZIJN ONZE AFSPRAKEN ALGEMENE VOORWAARDEN Algemene Voorwaarden voor Schanskerhof Luxe Appartementen en Eetgelegenheid Algemeen1.1 Deze algemene voorwaarden zijn van toepassing op alle reserveringen en diensten die worden aangeboden door Schanskerhof Luxe Appartementen en Eetgelegenheid (hierna &#8220;Schanskerhof&#8221;).1.2 Door een reservering te maken of gebruik te maken van onze diensten, gaat u [&hellip;]<\/p>\n","protected":false},"author":1,"featured_media":0,"parent":0,"menu_order":901,"comment_status":"closed","ping_status":"closed","template":"elementor_header_footer","meta":{"footnotes":""},"class_list":["post-40","page","type-page","status-publish","hentry"],"yoast_head":"<!-- This site is optimized with the Yoast SEO plugin v27.2 - https:\/\/yoast.com\/product\/yoast-seo-wordpress\/ -->\n<title>Algemene voorwaarden - B&amp;B Schanskerhof<\/title>\n<meta name=\"robots\" content=\"index, follow, max-snippet:-1, max-image-preview:large, max-video-preview:-1\" \/>\n<link rel=\"canonical\" href=\"https:\/\/schanskerhof.nl\/es\/condiciones-generales\/\" \/>\n<meta property=\"og:locale\" content=\"es_ES\" \/>\n<meta property=\"og:type\" content=\"article\" \/>\n<meta property=\"og:title\" content=\"Algemene voorwaarden - B&amp;B Schanskerhof\" \/>\n<meta property=\"og:description\" content=\"VOOR EEN ZORGELOOS VERBLIJF, DIT ZIJN ONZE AFSPRAKEN ALGEMENE VOORWAARDEN Algemene Voorwaarden voor Schanskerhof Luxe Appartementen en Eetgelegenheid Algemeen1.1 Deze algemene voorwaarden zijn van toepassing op alle reserveringen en diensten die worden aangeboden door Schanskerhof Luxe Appartementen en Eetgelegenheid (hierna &#8220;Schanskerhof&#8221;).1.2 Door een reservering te maken of gebruik te maken van onze diensten, gaat u [&hellip;]\" \/>\n<meta property=\"og:url\" content=\"https:\/\/schanskerhof.nl\/es\/condiciones-generales\/\" \/>\n<meta property=\"og:site_name\" content=\"B&amp;B Schanskerhof\" \/>\n<meta property=\"article:modified_time\" content=\"2025-05-08T11:41:06+00:00\" \/>\n<meta name=\"twitter:card\" content=\"summary_large_image\" \/>\n<meta name=\"twitter:label1\" content=\"Tiempo de lectura\" \/>\n\t<meta name=\"twitter:data1\" content=\"4 minutos\" \/>\n<script type=\"application\/ld+json\" class=\"yoast-schema-graph\">{\"@context\":\"https:\/\/schema.org\",\"@graph\":[{\"@type\":\"WebPage\",\"@id\":\"https:\/\/schanskerhof.nl\/algemene-voorwaarden\/\",\"url\":\"https:\/\/schanskerhof.nl\/algemene-voorwaarden\/\",\"name\":\"Algemene voorwaarden - B&amp;B Schanskerhof\",\"isPartOf\":{\"@id\":\"https:\/\/schanskerhof.nl\/#website\"},\"datePublished\":\"2025-04-11T13:35:05+00:00\",\"dateModified\":\"2025-05-08T11:41:06+00:00\",\"breadcrumb\":{\"@id\":\"https:\/\/schanskerhof.nl\/algemene-voorwaarden\/#breadcrumb\"},\"inLanguage\":\"es\",\"potentialAction\":[{\"@type\":\"ReadAction\",\"target\":[\"https:\/\/schanskerhof.nl\/algemene-voorwaarden\/\"]}]},{\"@type\":\"BreadcrumbList\",\"@id\":\"https:\/\/schanskerhof.nl\/algemene-voorwaarden\/#breadcrumb\",\"itemListElement\":[{\"@type\":\"ListItem\",\"position\":1,\"name\":\"Home\",\"item\":\"https:\/\/schanskerhof.nl\/\"},{\"@type\":\"ListItem\",\"position\":2,\"name\":\"Algemene voorwaarden\"}]},{\"@type\":\"WebSite\",\"@id\":\"https:\/\/schanskerhof.nl\/#website\",\"url\":\"https:\/\/schanskerhof.nl\/\",\"name\":\"B&amp;B Schanskerhof\",\"description\":\"\",\"publisher\":{\"@id\":\"https:\/\/schanskerhof.nl\/#organization\"},\"potentialAction\":[{\"@type\":\"SearchAction\",\"target\":{\"@type\":\"EntryPoint\",\"urlTemplate\":\"https:\/\/schanskerhof.nl\/?s={search_term_string}\"},\"query-input\":{\"@type\":\"PropertyValueSpecification\",\"valueRequired\":true,\"valueName\":\"search_term_string\"}}],\"inLanguage\":\"es\"},{\"@type\":\"Organization\",\"@id\":\"https:\/\/schanskerhof.nl\/#organization\",\"name\":\"B&amp;B Schanskerhof\",\"url\":\"https:\/\/schanskerhof.nl\/\",\"logo\":{\"@type\":\"ImageObject\",\"inLanguage\":\"es\",\"@id\":\"https:\/\/schanskerhof.nl\/#\/schema\/logo\/image\/\",\"url\":\"https:\/\/schanskerhof.nl\/wp-content\/uploads\/2025\/04\/9Icon_logo@3x.png\",\"contentUrl\":\"https:\/\/schanskerhof.nl\/wp-content\/uploads\/2025\/04\/9Icon_logo@3x.png\",\"width\":520,\"height\":533,\"caption\":\"B&amp;B Schanskerhof\"},\"image\":{\"@id\":\"https:\/\/schanskerhof.nl\/#\/schema\/logo\/image\/\"}}]}<\/script>\n<!-- \/ Yoast SEO plugin. -->","yoast_head_json":{"title":"Algemene voorwaarden - B&amp;B Schanskerhof","robots":{"index":"index","follow":"follow","max-snippet":"max-snippet:-1","max-image-preview":"max-image-preview:large","max-video-preview":"max-video-preview:-1"},"canonical":"https:\/\/schanskerhof.nl\/es\/condiciones-generales\/","og_locale":"es_ES","og_type":"article","og_title":"Algemene voorwaarden - B&amp;B Schanskerhof","og_description":"VOOR EEN ZORGELOOS VERBLIJF, DIT ZIJN ONZE AFSPRAKEN ALGEMENE VOORWAARDEN Algemene Voorwaarden voor Schanskerhof Luxe Appartementen en Eetgelegenheid Algemeen1.1 Deze algemene voorwaarden zijn van toepassing op alle reserveringen en diensten die worden aangeboden door Schanskerhof Luxe Appartementen en Eetgelegenheid (hierna &#8220;Schanskerhof&#8221;).1.2 Door een reservering te maken of gebruik te maken van onze diensten, gaat u [&hellip;]","og_url":"https:\/\/schanskerhof.nl\/es\/condiciones-generales\/","og_site_name":"B&amp;B Schanskerhof","article_modified_time":"2025-05-08T11:41:06+00:00","twitter_card":"summary_large_image","twitter_misc":{"Tiempo de lectura":"4 minutos"},"schema":{"@context":"https:\/\/schema.org","@graph":[{"@type":"WebPage","@id":"https:\/\/schanskerhof.nl\/algemene-voorwaarden\/","url":"https:\/\/schanskerhof.nl\/algemene-voorwaarden\/","name":"Algemene voorwaarden - B&amp;B Schanskerhof","isPartOf":{"@id":"https:\/\/schanskerhof.nl\/#website"},"datePublished":"2025-04-11T13:35:05+00:00","dateModified":"2025-05-08T11:41:06+00:00","breadcrumb":{"@id":"https:\/\/schanskerhof.nl\/algemene-voorwaarden\/#breadcrumb"},"inLanguage":"es","potentialAction":[{"@type":"ReadAction","target":["https:\/\/schanskerhof.nl\/algemene-voorwaarden\/"]}]},{"@type":"BreadcrumbList","@id":"https:\/\/schanskerhof.nl\/algemene-voorwaarden\/#breadcrumb","itemListElement":[{"@type":"ListItem","position":1,"name":"Home","item":"https:\/\/schanskerhof.nl\/"},{"@type":"ListItem","position":2,"name":"Algemene voorwaarden"}]},{"@type":"WebSite","@id":"https:\/\/schanskerhof.nl\/#website","url":"https:\/\/schanskerhof.nl\/","name":"B&amp;B Schanskerhof","description":"","publisher":{"@id":"https:\/\/schanskerhof.nl\/#organization"},"potentialAction":[{"@type":"SearchAction","target":{"@type":"EntryPoint","urlTemplate":"https:\/\/schanskerhof.nl\/?s={search_term_string}"},"query-input":{"@type":"PropertyValueSpecification","valueRequired":true,"valueName":"search_term_string"}}],"inLanguage":"es"},{"@type":"Organization","@id":"https:\/\/schanskerhof.nl\/#organization","name":"B&amp;B Schanskerhof","url":"https:\/\/schanskerhof.nl\/","logo":{"@type":"ImageObject","inLanguage":"es","@id":"https:\/\/schanskerhof.nl\/#\/schema\/logo\/image\/","url":"https:\/\/schanskerhof.nl\/wp-content\/uploads\/2025\/04\/9Icon_logo@3x.png","contentUrl":"https:\/\/schanskerhof.nl\/wp-content\/uploads\/2025\/04\/9Icon_logo@3x.png","width":520,"height":533,"caption":"B&amp;B Schanskerhof"},"image":{"@id":"https:\/\/schanskerhof.nl\/#\/schema\/logo\/image\/"}}]}},"_links":{"self":[{"href":"https:\/\/schanskerhof.nl\/es\/wp-json\/wp\/v2\/pages\/40","targetHints":{"allow":["GET"]}}],"collection":[{"href":"https:\/\/schanskerhof.nl\/es\/wp-json\/wp\/v2\/pages"}],"about":[{"href":"https:\/\/schanskerhof.nl\/es\/wp-json\/wp\/v2\/types\/page"}],"author":[{"embeddable":true,"href":"https:\/\/schanskerhof.nl\/es\/wp-json\/wp\/v2\/users\/1"}],"replies":[{"embeddable":true,"href":"https:\/\/schanskerhof.nl\/es\/wp-json\/wp\/v2\/comments?post=40"}],"version-history":[{"count":22,"href":"https:\/\/schanskerhof.nl\/es\/wp-json\/wp\/v2\/pages\/40\/revisions"}],"predecessor-version":[{"id":1431,"href":"https:\/\/schanskerhof.nl\/es\/wp-json\/wp\/v2\/pages\/40\/revisions\/1431"}],"wp:attachment":[{"href":"https:\/\/schanskerhof.nl\/es\/wp-json\/wp\/v2\/media?parent=40"}],"curies":[{"name":"wp","href":"https:\/\/api.w.org\/{rel}","templated":true}]}}