{"id":1501,"date":"2025-05-16T07:44:38","date_gmt":"2025-05-16T07:44:38","guid":{"rendered":"https:\/\/siteit-dev3.nl\/?page_id=1501"},"modified":"2025-05-23T07:24:31","modified_gmt":"2025-05-23T07:24:31","slug":"sauna","status":"publish","type":"page","link":"https:\/\/schanskerhof.nl\/es\/sauna\/","title":{"rendered":"Sauna"},"content":{"rendered":"<div data-elementor-type=\"wp-page\" data-elementor-id=\"1501\" class=\"elementor elementor-1501\" data-elementor-post-type=\"page\">\n\t\t\t\t<div class=\"elementor-element elementor-element-49fb75e5 e-flex e-con-boxed e-con e-parent\" data-id=\"49fb75e5\" data-element_type=\"container\" data-e-type=\"container\" data-settings=\"{&quot;background_background&quot;:&quot;classic&quot;}\">\n\t\t\t\t\t<div class=\"e-con-inner\">\n\t\t<div class=\"elementor-element elementor-element-1313e34 e-con-full e-flex e-con e-child\" data-id=\"1313e34\" data-element_type=\"container\" data-e-type=\"container\" data-settings=\"{&quot;background_background&quot;:&quot;classic&quot;}\">\n\t\t\t\t<div class=\"elementor-element elementor-element-1c573385 elementor-widget elementor-widget-heading\" data-id=\"1c573385\" data-element_type=\"widget\" data-e-type=\"widget\" data-widget_type=\"heading.default\">\n\t\t\t\t<div class=\"elementor-widget-container\">\n\t\t\t\t\t<h2 class=\"elementor-heading-title elementor-size-default\">RUST, WARMTE &amp; WELLNESS<\/h2>\t\t\t\t<\/div>\n\t\t\t\t<\/div>\n\t\t\t\t<div class=\"elementor-element elementor-element-42b13d5 elementor-widget elementor-widget-heading\" data-id=\"42b13d5\" data-element_type=\"widget\" data-e-type=\"widget\" data-widget_type=\"heading.default\">\n\t\t\t\t<div class=\"elementor-widget-container\">\n\t\t\t\t\t<h2 class=\"elementor-heading-title elementor-size-default\">SAUNA SCHANSKERHOF<\/h2>\t\t\t\t<\/div>\n\t\t\t\t<\/div>\n\t\t\t\t<div class=\"elementor-element elementor-element-4059fdcb e-transform elementor-widget-divider--view-line elementor-widget elementor-widget-divider\" data-id=\"4059fdcb\" data-element_type=\"widget\" data-e-type=\"widget\" data-settings=\"{&quot;_transform_rotateZ_effect&quot;:{&quot;unit&quot;:&quot;px&quot;,&quot;size&quot;:90,&quot;sizes&quot;:[]},&quot;_transform_rotateZ_effect_tablet&quot;:{&quot;unit&quot;:&quot;deg&quot;,&quot;size&quot;:&quot;&quot;,&quot;sizes&quot;:[]},&quot;_transform_rotateZ_effect_mobile&quot;:{&quot;unit&quot;:&quot;deg&quot;,&quot;size&quot;:&quot;&quot;,&quot;sizes&quot;:[]}}\" data-widget_type=\"divider.default\">\n\t\t\t\t<div class=\"elementor-widget-container\">\n\t\t\t\t\t\t\t<div class=\"elementor-divider\">\n\t\t\t<span class=\"elementor-divider-separator\">\n\t\t\t\t\t\t<\/span>\n\t\t<\/div>\n\t\t\t\t\t\t<\/div>\n\t\t\t\t<\/div>\n\t\t\t\t<div class=\"elementor-element elementor-element-e26bda0 elementor-widget elementor-widget-text-editor\" data-id=\"e26bda0\" data-element_type=\"widget\" data-e-type=\"widget\" data-widget_type=\"text-editor.default\">\n\t\t\t\t<div class=\"elementor-widget-container\">\n\t\t\t\t\t\t\t\t\t<p>Ontspan in onze gloednieuwe <strong>priv\u00e9sauna<\/strong>, exclusief beschikbaar voor gasten van BNB Schanskerhof. Deze comfortabele 4-persoons sauna is de perfecte afsluiting van een dag vol natuur, cultuur en beleving in de regio. Geniet van de warmte, rust en het uitzicht over het Groningse land \u2013 helemaal voor jezelf.<\/p>\t\t\t\t\t\t\t\t<\/div>\n\t\t\t\t<\/div>\n\t\t\t\t<\/div>\n\t\t\t\t\t<\/div>\n\t\t\t\t<\/div>\n\t\t<div class=\"elementor-element elementor-element-738caa91 e-flex e-con-boxed e-con e-parent\" data-id=\"738caa91\" data-element_type=\"container\" data-e-type=\"container\">\n\t\t\t\t\t<div class=\"e-con-inner\">\n\t\t<div class=\"elementor-element elementor-element-4cbd69bf e-con-full e-flex e-con e-child\" data-id=\"4cbd69bf\" data-element_type=\"container\" data-e-type=\"container\" data-settings=\"{&quot;background_background&quot;:&quot;classic&quot;}\">\n\t\t\t\t<div class=\"elementor-element elementor-element-255c143f elementor--h-position-center elementor--v-position-middle elementor-arrows-position-inside elementor-widget elementor-widget-slides\" data-id=\"255c143f\" data-element_type=\"widget\" data-e-type=\"widget\" data-settings=\"{&quot;navigation&quot;:&quot;arrows&quot;,&quot;autoplay&quot;:&quot;yes&quot;,&quot;pause_on_hover&quot;:&quot;yes&quot;,&quot;pause_on_interaction&quot;:&quot;yes&quot;,&quot;autoplay_speed&quot;:5000,&quot;infinite&quot;:&quot;yes&quot;,&quot;transition&quot;:&quot;slide&quot;,&quot;transition_speed&quot;:500}\" data-widget_type=\"slides.default\">\n\t\t\t\t<div class=\"elementor-widget-container\">\n\t\t\t\t\t\t\t\t\t<div class=\"elementor-swiper\">\n\t\t\t\t\t<div class=\"elementor-slides-wrapper elementor-main-swiper swiper\" role=\"region\" aria-roledescription=\"carousel\" aria-label=\"Diapositivas\" dir=\"ltr\" data-animation=\"fadeInUp\">\n\t\t\t\t<div class=\"swiper-wrapper elementor-slides\">\n\t\t\t\t\t\t\t\t\t\t<div class=\"elementor-repeater-item-297335b swiper-slide\" role=\"group\" aria-roledescription=\"slide\"><div class=\"swiper-slide-bg\" role=\"img\" aria-label=\"WhatsApp Image 2025-04-17 at 20.45.49\"><\/div><div class=\"swiper-slide-inner\" ><div class=\"swiper-slide-contents\"><\/div><\/div><\/div><div class=\"elementor-repeater-item-3275d44 swiper-slide\" role=\"group\" aria-roledescription=\"slide\"><div class=\"swiper-slide-bg\" role=\"img\" aria-label=\"WhatsApp Image 2025-04-17 at 20.45.49(1)\"><\/div><div class=\"swiper-slide-inner\" ><div class=\"swiper-slide-contents\"><\/div><\/div><\/div><div class=\"elementor-repeater-item-aee9f79 swiper-slide\" role=\"group\" aria-roledescription=\"slide\"><div class=\"swiper-slide-bg\" role=\"img\" aria-label=\"sauna (1)\"><\/div><div class=\"swiper-slide-inner\" ><div class=\"swiper-slide-contents\"><\/div><\/div><\/div><div class=\"elementor-repeater-item-b815058 swiper-slide\" role=\"group\" aria-roledescription=\"slide\"><div class=\"swiper-slide-bg\" role=\"img\" aria-label=\"sauna (2)\"><\/div><div class=\"swiper-slide-inner\" ><div class=\"swiper-slide-contents\"><\/div><\/div><\/div><div class=\"elementor-repeater-item-5d0a382 swiper-slide\" role=\"group\" aria-roledescription=\"slide\"><div class=\"swiper-slide-bg\" role=\"img\" aria-label=\"sauna (4)\"><\/div><div class=\"swiper-slide-inner\" ><div class=\"swiper-slide-contents\"><\/div><\/div><\/div><div class=\"elementor-repeater-item-32f8038 swiper-slide\" role=\"group\" aria-roledescription=\"slide\"><div class=\"swiper-slide-bg\" role=\"img\" aria-label=\"sauna (5)\"><\/div><div class=\"swiper-slide-inner\" ><div class=\"swiper-slide-contents\"><\/div><\/div><\/div><div class=\"elementor-repeater-item-de5b6c6 swiper-slide\" role=\"group\" aria-roledescription=\"slide\"><div class=\"swiper-slide-bg\" role=\"img\" aria-label=\"sauna (6)\"><\/div><div class=\"swiper-slide-inner\" ><div class=\"swiper-slide-contents\"><\/div><\/div><\/div>\t\t\t\t<\/div>\n\t\t\t\t\t\t\t\t\t\t\t\t\t\t\t<div class=\"elementor-swiper-button elementor-swiper-button-prev\" role=\"button\" tabindex=\"0\" aria-label=\"Previous slide\" data-no-translation-aria-label=\"\">\n\t\t\t\t\t\t\t<svg aria-hidden=\"true\" class=\"e-font-icon-svg e-eicon-chevron-left\" viewbox=\"0 0 1000 1000\" xmlns=\"http:\/\/www.w3.org\/2000\/svg\"><path d=\"M646 125C629 125 613 133 604 142L308 442C296 454 292 471 292 487 292 504 296 521 308 533L604 854C617 867 629 875 646 875 663 875 679 871 692 858 704 846 713 829 713 812 713 796 708 779 692 767L438 487 692 225C700 217 708 204 708 187 708 171 704 154 692 142 675 129 663 125 646 125Z\"><\/path><\/svg>\t\t\t\t\t\t<\/div>\n\t\t\t\t\t\t<div class=\"elementor-swiper-button elementor-swiper-button-next\" role=\"button\" tabindex=\"0\" aria-label=\"Next slide\" data-no-translation-aria-label=\"\">\n\t\t\t\t\t\t\t<svg aria-hidden=\"true\" class=\"e-font-icon-svg e-eicon-chevron-right\" viewbox=\"0 0 1000 1000\" xmlns=\"http:\/\/www.w3.org\/2000\/svg\"><path d=\"M696 533C708 521 713 504 713 487 713 471 708 454 696 446L400 146C388 133 375 125 354 125 338 125 325 129 313 142 300 154 292 171 292 187 292 204 296 221 308 233L563 492 304 771C292 783 288 800 288 817 288 833 296 850 308 863 321 871 338 875 354 875 371 875 388 867 400 854L696 533Z\"><\/path><\/svg>\t\t\t\t\t\t<\/div>\n\t\t\t\t\t\t\t\t\t\t\t\t\t\t\t\t\t<\/div>\n\t\t\t\t<\/div>\n\t\t\t\t\t\t\t\t<\/div>\n\t\t\t\t<\/div>\n\t\t\t\t<\/div>\n\t\t<div class=\"elementor-element elementor-element-71ae63c7 e-con-full e-flex e-con e-child\" data-id=\"71ae63c7\" data-element_type=\"container\" data-e-type=\"container\" data-settings=\"{&quot;background_background&quot;:&quot;classic&quot;}\">\n\t\t\t\t<div class=\"elementor-element elementor-element-78a17bae elementor-view-default elementor-widget elementor-widget-icon\" data-id=\"78a17bae\" data-element_type=\"widget\" data-e-type=\"widget\" data-widget_type=\"icon.default\">\n\t\t\t\t<div class=\"elementor-widget-container\">\n\t\t\t\t\t\t\t<div class=\"elementor-icon-wrapper\">\n\t\t\t<div class=\"elementor-icon\">\n\t\t\t<svg aria-hidden=\"true\" class=\"e-font-icon-svg e-fas-leaf\" viewbox=\"0 0 576 512\" xmlns=\"http:\/\/www.w3.org\/2000\/svg\"><path d=\"M546.2 9.7c-5.6-12.5-21.6-13-28.3-1.2C486.9 62.4 431.4 96 368 96h-80C182 96 96 182 96 288c0 7 .8 13.7 1.5 20.5C161.3 262.8 253.4 224 384 224c8.8 0 16 7.2 16 16s-7.2 16-16 16C132.6 256 26 410.1 2.4 468c-6.6 16.3 1.2 34.9 17.5 41.6 16.4 6.8 35-1.1 41.8-17.3 1.5-3.6 20.9-47.9 71.9-90.6 32.4 43.9 94 85.8 174.9 77.2C465.5 467.5 576 326.7 576 154.3c0-50.2-10.8-102.2-29.8-144.6z\"><\/path><\/svg>\t\t\t<\/div>\n\t\t<\/div>\n\t\t\t\t\t\t<\/div>\n\t\t\t\t<\/div>\n\t\t\t\t<div class=\"elementor-element elementor-element-ff69060 elementor-widget elementor-widget-heading\" data-id=\"ff69060\" data-element_type=\"widget\" data-e-type=\"widget\" data-widget_type=\"heading.default\">\n\t\t\t\t<div class=\"elementor-widget-container\">\n\t\t\t\t\t<h2 class=\"elementor-heading-title elementor-size-default\">4-PERSOONS SAUNA<\/h2>\t\t\t\t<\/div>\n\t\t\t\t<\/div>\n\t\t\t\t<div class=\"elementor-element elementor-element-5032d071 elementor-widget elementor-widget-text-editor\" data-id=\"5032d071\" data-element_type=\"widget\" data-e-type=\"widget\" data-widget_type=\"text-editor.default\">\n\t\t\t\t<div class=\"elementor-widget-container\">\n\t\t\t\t\t\t\t\t\t<p data-start=\"613\" data-end=\"630\"><strong data-start=\"613\" data-end=\"630\">Faciliteiten:<\/strong><\/p><ul data-start=\"631\" data-end=\"777\"><li data-start=\"631\" data-end=\"669\"><p data-start=\"633\" data-end=\"669\">Finse sauna met zachte verlichting<\/p><\/li><li data-start=\"670\" data-end=\"696\"><p data-start=\"672\" data-end=\"696\">Ruimte voor 4 personen<\/p><\/li><li data-start=\"739\" data-end=\"777\"><p data-start=\"741\" data-end=\"777\">Handdoeken en badjassen inbegrepen<\/p><\/li><\/ul><p data-start=\"779\" data-end=\"979\"><strong data-start=\"779\" data-end=\"790\">Let op:<\/strong><br data-start=\"790\" data-end=\"793\" \/>Bij drukke bezetting werken we met tijdsblokken zodat iedereen ontspannen gebruik kan maken van de sauna. Reserveer je tijdslot eenvoudig bij aankomst of vooraf via het contactformulier.<\/p><p data-start=\"981\" data-end=\"1072\"><strong data-start=\"981\" data-end=\"1002\">Introductieprijs:<\/strong> \u20ac20,- per uur (incl. gebruik van handdoeken &amp; verzorgingsproducten)<\/p>\t\t\t\t\t\t\t\t<\/div>\n\t\t\t\t<\/div>\n\t\t\t\t<\/div>\n\t\t\t\t\t<\/div>\n\t\t\t\t<\/div>\n\t\t<div class=\"elementor-element elementor-element-4e9cc168 e-flex e-con-boxed e-con e-parent\" data-id=\"4e9cc168\" data-element_type=\"container\" data-e-type=\"container\" data-settings=\"{&quot;background_background&quot;:&quot;classic&quot;}\">\n\t\t\t\t\t<div class=\"e-con-inner\">\n\t\t<div class=\"elementor-element elementor-element-2aff142 e-con-full e-flex e-con e-child\" data-id=\"2aff142\" data-element_type=\"container\" data-e-type=\"container\" data-settings=\"{&quot;background_background&quot;:&quot;classic&quot;}\">\n\t\t\t\t<div class=\"elementor-element elementor-element-8174d1d elementor-widget elementor-widget-heading\" data-id=\"8174d1d\" data-element_type=\"widget\" data-e-type=\"widget\" data-widget_type=\"heading.default\">\n\t\t\t\t<div class=\"elementor-widget-container\">\n\t\t\t\t\t<h2 class=\"elementor-heading-title elementor-size-default\">DESCUBRA NUESTROS C\u00d3MODOS PISOS<\/h2>\t\t\t\t<\/div>\n\t\t\t\t<\/div>\n\t\t\t\t<div class=\"elementor-element elementor-element-14bb0983 elementor-widget elementor-widget-heading\" data-id=\"14bb0983\" data-element_type=\"widget\" data-e-type=\"widget\" data-widget_type=\"heading.default\">\n\t\t\t\t<div class=\"elementor-widget-container\">\n\t\t\t\t\t<h2 class=\"elementor-heading-title elementor-size-default\">RESERVE AHORA SU ESTANCIA<\/h2>\t\t\t\t<\/div>\n\t\t\t\t<\/div>\n\t\t\t\t<div class=\"elementor-element elementor-element-79dba093 e-transform elementor-widget-divider--view-line elementor-widget elementor-widget-divider\" data-id=\"79dba093\" data-element_type=\"widget\" data-e-type=\"widget\" data-settings=\"{&quot;_transform_rotateZ_effect&quot;:{&quot;unit&quot;:&quot;px&quot;,&quot;size&quot;:90,&quot;sizes&quot;:[]},&quot;_transform_rotateZ_effect_tablet&quot;:{&quot;unit&quot;:&quot;deg&quot;,&quot;size&quot;:&quot;&quot;,&quot;sizes&quot;:[]},&quot;_transform_rotateZ_effect_mobile&quot;:{&quot;unit&quot;:&quot;deg&quot;,&quot;size&quot;:&quot;&quot;,&quot;sizes&quot;:[]}}\" data-widget_type=\"divider.default\">\n\t\t\t\t<div class=\"elementor-widget-container\">\n\t\t\t\t\t\t\t<div class=\"elementor-divider\">\n\t\t\t<span class=\"elementor-divider-separator\">\n\t\t\t\t\t\t<\/span>\n\t\t<\/div>\n\t\t\t\t\t\t<\/div>\n\t\t\t\t<\/div>\n\t\t\t\t<div class=\"elementor-element elementor-element-5dff0370 elementor-widget elementor-widget-text-editor\" data-id=\"5dff0370\" data-element_type=\"widget\" data-e-type=\"widget\" data-widget_type=\"text-editor.default\">\n\t\t\t\t<div class=\"elementor-widget-container\">\n\t\t\t\t\t\t\t\t\t<p>Reservar su estancia en Schanskerhof BNB es f\u00e1cil. Utilice nuestro <a href=\"https:\/\/schanskerhof.nl\/es\/pongase-en-contacto-con\/\">formulario de contacto<\/a> para reservar el piso que desee en las fechas que prefiera. Puede confirmar su reserva en unos sencillos pasos.<\/p>\t\t\t\t\t\t\t\t<\/div>\n\t\t\t\t<\/div>\n\t\t\t\t<\/div>\n\t\t\t\t\t<\/div>\n\t\t\t\t<\/div>\n\t\t<div class=\"elementor-element elementor-element-1776f6e e-flex e-con-boxed e-con e-parent\" data-id=\"1776f6e\" data-element_type=\"container\" data-e-type=\"container\" data-settings=\"{&quot;background_background&quot;:&quot;classic&quot;}\">\n\t\t\t\t\t<div class=\"e-con-inner\">\n\t\t<div class=\"elementor-element elementor-element-d5eb5a6 e-con-full e-flex e-con e-child\" data-id=\"d5eb5a6\" data-element_type=\"container\" data-e-type=\"container\" data-settings=\"{&quot;background_background&quot;:&quot;classic&quot;}\">\n\t\t\t\t<div class=\"elementor-element elementor-element-e530d44 elementor-widget elementor-widget-heading\" data-id=\"e530d44\" data-element_type=\"widget\" data-e-type=\"widget\" data-widget_type=\"heading.default\">\n\t\t\t\t<div class=\"elementor-widget-container\">\n\t\t\t\t\t<h2 class=\"elementor-heading-title elementor-size-default\">APTO PARA TURISTAS Y EXPATRIADOS<\/h2>\t\t\t\t<\/div>\n\t\t\t\t<\/div>\n\t\t\t\t<div class=\"elementor-element elementor-element-031fa86 elementor-widget elementor-widget-heading\" data-id=\"031fa86\" data-element_type=\"widget\" data-e-type=\"widget\" data-widget_type=\"heading.default\">\n\t\t\t\t<div class=\"elementor-widget-container\">\n\t\t\t\t\t<h2 class=\"elementor-heading-title elementor-size-default\">BIENVENIDO, VENGAS DE DONDE VENGAS<\/h2>\t\t\t\t<\/div>\n\t\t\t\t<\/div>\n\t\t\t\t<div class=\"elementor-element elementor-element-dc78927 e-transform elementor-widget-divider--view-line elementor-widget elementor-widget-divider\" data-id=\"dc78927\" data-element_type=\"widget\" data-e-type=\"widget\" data-settings=\"{&quot;_transform_rotateZ_effect&quot;:{&quot;unit&quot;:&quot;px&quot;,&quot;size&quot;:90,&quot;sizes&quot;:[]},&quot;_transform_rotateZ_effect_tablet&quot;:{&quot;unit&quot;:&quot;deg&quot;,&quot;size&quot;:&quot;&quot;,&quot;sizes&quot;:[]},&quot;_transform_rotateZ_effect_mobile&quot;:{&quot;unit&quot;:&quot;deg&quot;,&quot;size&quot;:&quot;&quot;,&quot;sizes&quot;:[]}}\" data-widget_type=\"divider.default\">\n\t\t\t\t<div class=\"elementor-widget-container\">\n\t\t\t\t\t\t\t<div class=\"elementor-divider\">\n\t\t\t<span class=\"elementor-divider-separator\">\n\t\t\t\t\t\t<\/span>\n\t\t<\/div>\n\t\t\t\t\t\t<\/div>\n\t\t\t\t<\/div>\n\t\t\t\t<div class=\"elementor-element elementor-element-6f16416 elementor-widget elementor-widget-text-editor\" data-id=\"6f16416\" data-element_type=\"widget\" data-e-type=\"widget\" data-widget_type=\"text-editor.default\">\n\t\t\t\t<div class=\"elementor-widget-container\">\n\t\t\t\t\t\t\t\t\t<p>Tanto si est\u00e1 de vacaciones en la regi\u00f3n como si se queda m\u00e1s tiempo por trabajo, nuestros pisos le ofrecen la base perfecta. En <strong>expatriados<\/strong> ofrecemos un <strong>ambiente hogare\u00f1o<\/strong> con todo lo necesario para una estancia confortable, incluida una cocina privada para preparar sus platos favoritos.<\/p><p>Adem\u00e1s, el <strong>ubicaci\u00f3n<\/strong> de Schanskerhof ideal para los turistas que visitan el <strong>marismas<\/strong> desee explorar o disfrutar de la oferta cultural local en Bad Nieuweschans y sus alrededores.<\/p>\t\t\t\t\t\t\t\t<\/div>\n\t\t\t\t<\/div>\n\t\t\t\t<\/div>\n\t\t\t\t\t<\/div>\n\t\t\t\t<\/div>\n\t\t\t\t<\/div>","protected":false},"excerpt":{"rendered":"<p>RUST, WARMTE &#038; WELLNESS SAUNA SCHANSKERHOF Ontspan in onze gloednieuwe priv\u00e9sauna, exclusief beschikbaar voor gasten van BNB Schanskerhof. Deze comfortabele 4-persoons sauna is de perfecte afsluiting van een dag vol natuur, cultuur en beleving in de regio. Geniet van de warmte, rust en het uitzicht over het Groningse land \u2013 helemaal voor jezelf. 4-PERSOONS SAUNA [&hellip;]<\/p>\n","protected":false},"author":2,"featured_media":0,"parent":0,"menu_order":0,"comment_status":"closed","ping_status":"closed","template":"elementor_header_footer","meta":{"footnotes":""},"class_list":["post-1501","page","type-page","status-publish","hentry"],"yoast_head":"<!-- This site is optimized with the Yoast SEO plugin v27.2 - https:\/\/yoast.com\/product\/yoast-seo-wordpress\/ -->\n<title>Sauna - B&amp;B Schanskerhof<\/title>\n<meta name=\"robots\" content=\"index, follow, max-snippet:-1, max-image-preview:large, max-video-preview:-1\" \/>\n<link rel=\"canonical\" href=\"https:\/\/schanskerhof.nl\/es\/sauna\/\" \/>\n<meta property=\"og:locale\" content=\"es_ES\" \/>\n<meta property=\"og:type\" content=\"article\" \/>\n<meta property=\"og:title\" content=\"Sauna - B&amp;B Schanskerhof\" \/>\n<meta property=\"og:description\" content=\"RUST, WARMTE &#038; WELLNESS SAUNA SCHANSKERHOF Ontspan in onze gloednieuwe priv\u00e9sauna, exclusief beschikbaar voor gasten van BNB Schanskerhof. Deze comfortabele 4-persoons sauna is de perfecte afsluiting van een dag vol natuur, cultuur en beleving in de regio. Geniet van de warmte, rust en het uitzicht over het Groningse land \u2013 helemaal voor jezelf. 4-PERSOONS SAUNA [&hellip;]\" \/>\n<meta property=\"og:url\" content=\"https:\/\/schanskerhof.nl\/es\/sauna\/\" \/>\n<meta property=\"og:site_name\" content=\"B&amp;B Schanskerhof\" \/>\n<meta property=\"article:modified_time\" content=\"2025-05-23T07:24:31+00:00\" \/>\n<meta name=\"twitter:card\" content=\"summary_large_image\" \/>\n<meta name=\"twitter:label1\" content=\"Tiempo de lectura\" \/>\n\t<meta name=\"twitter:data1\" content=\"2 minutos\" \/>\n<script type=\"application\/ld+json\" class=\"yoast-schema-graph\">{\"@context\":\"https:\/\/schema.org\",\"@graph\":[{\"@type\":\"WebPage\",\"@id\":\"https:\/\/schanskerhof.nl\/sauna\/\",\"url\":\"https:\/\/schanskerhof.nl\/sauna\/\",\"name\":\"Sauna - B&amp;B Schanskerhof\",\"isPartOf\":{\"@id\":\"https:\/\/schanskerhof.nl\/#website\"},\"datePublished\":\"2025-05-16T07:44:38+00:00\",\"dateModified\":\"2025-05-23T07:24:31+00:00\",\"breadcrumb\":{\"@id\":\"https:\/\/schanskerhof.nl\/sauna\/#breadcrumb\"},\"inLanguage\":\"es\",\"potentialAction\":[{\"@type\":\"ReadAction\",\"target\":[\"https:\/\/schanskerhof.nl\/sauna\/\"]}]},{\"@type\":\"BreadcrumbList\",\"@id\":\"https:\/\/schanskerhof.nl\/sauna\/#breadcrumb\",\"itemListElement\":[{\"@type\":\"ListItem\",\"position\":1,\"name\":\"Home\",\"item\":\"https:\/\/schanskerhof.nl\/\"},{\"@type\":\"ListItem\",\"position\":2,\"name\":\"Sauna\"}]},{\"@type\":\"WebSite\",\"@id\":\"https:\/\/schanskerhof.nl\/#website\",\"url\":\"https:\/\/schanskerhof.nl\/\",\"name\":\"B&amp;B Schanskerhof\",\"description\":\"\",\"publisher\":{\"@id\":\"https:\/\/schanskerhof.nl\/#organization\"},\"potentialAction\":[{\"@type\":\"SearchAction\",\"target\":{\"@type\":\"EntryPoint\",\"urlTemplate\":\"https:\/\/schanskerhof.nl\/?s={search_term_string}\"},\"query-input\":{\"@type\":\"PropertyValueSpecification\",\"valueRequired\":true,\"valueName\":\"search_term_string\"}}],\"inLanguage\":\"es\"},{\"@type\":\"Organization\",\"@id\":\"https:\/\/schanskerhof.nl\/#organization\",\"name\":\"B&amp;B Schanskerhof\",\"url\":\"https:\/\/schanskerhof.nl\/\",\"logo\":{\"@type\":\"ImageObject\",\"inLanguage\":\"es\",\"@id\":\"https:\/\/schanskerhof.nl\/#\/schema\/logo\/image\/\",\"url\":\"https:\/\/schanskerhof.nl\/wp-content\/uploads\/2025\/04\/9Icon_logo@3x.png\",\"contentUrl\":\"https:\/\/schanskerhof.nl\/wp-content\/uploads\/2025\/04\/9Icon_logo@3x.png\",\"width\":520,\"height\":533,\"caption\":\"B&amp;B Schanskerhof\"},\"image\":{\"@id\":\"https:\/\/schanskerhof.nl\/#\/schema\/logo\/image\/\"}}]}<\/script>\n<!-- \/ Yoast SEO plugin. -->","yoast_head_json":{"title":"Sauna - B&amp;B Schanskerhof","robots":{"index":"index","follow":"follow","max-snippet":"max-snippet:-1","max-image-preview":"max-image-preview:large","max-video-preview":"max-video-preview:-1"},"canonical":"https:\/\/schanskerhof.nl\/es\/sauna\/","og_locale":"es_ES","og_type":"article","og_title":"Sauna - B&amp;B Schanskerhof","og_description":"RUST, WARMTE &#038; WELLNESS SAUNA SCHANSKERHOF Ontspan in onze gloednieuwe priv\u00e9sauna, exclusief beschikbaar voor gasten van BNB Schanskerhof. Deze comfortabele 4-persoons sauna is de perfecte afsluiting van een dag vol natuur, cultuur en beleving in de regio. Geniet van de warmte, rust en het uitzicht over het Groningse land \u2013 helemaal voor jezelf. 4-PERSOONS SAUNA [&hellip;]","og_url":"https:\/\/schanskerhof.nl\/es\/sauna\/","og_site_name":"B&amp;B Schanskerhof","article_modified_time":"2025-05-23T07:24:31+00:00","twitter_card":"summary_large_image","twitter_misc":{"Tiempo de lectura":"2 minutos"},"schema":{"@context":"https:\/\/schema.org","@graph":[{"@type":"WebPage","@id":"https:\/\/schanskerhof.nl\/sauna\/","url":"https:\/\/schanskerhof.nl\/sauna\/","name":"Sauna - B&amp;B Schanskerhof","isPartOf":{"@id":"https:\/\/schanskerhof.nl\/#website"},"datePublished":"2025-05-16T07:44:38+00:00","dateModified":"2025-05-23T07:24:31+00:00","breadcrumb":{"@id":"https:\/\/schanskerhof.nl\/sauna\/#breadcrumb"},"inLanguage":"es","potentialAction":[{"@type":"ReadAction","target":["https:\/\/schanskerhof.nl\/sauna\/"]}]},{"@type":"BreadcrumbList","@id":"https:\/\/schanskerhof.nl\/sauna\/#breadcrumb","itemListElement":[{"@type":"ListItem","position":1,"name":"Home","item":"https:\/\/schanskerhof.nl\/"},{"@type":"ListItem","position":2,"name":"Sauna"}]},{"@type":"WebSite","@id":"https:\/\/schanskerhof.nl\/#website","url":"https:\/\/schanskerhof.nl\/","name":"B&amp;B Schanskerhof","description":"","publisher":{"@id":"https:\/\/schanskerhof.nl\/#organization"},"potentialAction":[{"@type":"SearchAction","target":{"@type":"EntryPoint","urlTemplate":"https:\/\/schanskerhof.nl\/?s={search_term_string}"},"query-input":{"@type":"PropertyValueSpecification","valueRequired":true,"valueName":"search_term_string"}}],"inLanguage":"es"},{"@type":"Organization","@id":"https:\/\/schanskerhof.nl\/#organization","name":"B&amp;B Schanskerhof","url":"https:\/\/schanskerhof.nl\/","logo":{"@type":"ImageObject","inLanguage":"es","@id":"https:\/\/schanskerhof.nl\/#\/schema\/logo\/image\/","url":"https:\/\/schanskerhof.nl\/wp-content\/uploads\/2025\/04\/9Icon_logo@3x.png","contentUrl":"https:\/\/schanskerhof.nl\/wp-content\/uploads\/2025\/04\/9Icon_logo@3x.png","width":520,"height":533,"caption":"B&amp;B Schanskerhof"},"image":{"@id":"https:\/\/schanskerhof.nl\/#\/schema\/logo\/image\/"}}]}},"_links":{"self":[{"href":"https:\/\/schanskerhof.nl\/es\/wp-json\/wp\/v2\/pages\/1501","targetHints":{"allow":["GET"]}}],"collection":[{"href":"https:\/\/schanskerhof.nl\/es\/wp-json\/wp\/v2\/pages"}],"about":[{"href":"https:\/\/schanskerhof.nl\/es\/wp-json\/wp\/v2\/types\/page"}],"author":[{"embeddable":true,"href":"https:\/\/schanskerhof.nl\/es\/wp-json\/wp\/v2\/users\/2"}],"replies":[{"embeddable":true,"href":"https:\/\/schanskerhof.nl\/es\/wp-json\/wp\/v2\/comments?post=1501"}],"version-history":[{"count":25,"href":"https:\/\/schanskerhof.nl\/es\/wp-json\/wp\/v2\/pages\/1501\/revisions"}],"predecessor-version":[{"id":1608,"href":"https:\/\/schanskerhof.nl\/es\/wp-json\/wp\/v2\/pages\/1501\/revisions\/1608"}],"wp:attachment":[{"href":"https:\/\/schanskerhof.nl\/es\/wp-json\/wp\/v2\/media?parent=1501"}],"curies":[{"name":"wp","href":"https:\/\/api.w.org\/{rel}","templated":true}]}}